{"id":2,"date":"2020-04-20T11:33:45","date_gmt":"2020-04-20T09:33:45","guid":{"rendered":"https:\/\/cpirulegi.educacion.navarra.es\/web\/?page_id=2"},"modified":"2023-03-22T12:15:00","modified_gmt":"2023-03-22T11:15:00","slug":"contacto","status":"publish","type":"page","link":"https:\/\/cpirulegi.educacion.navarra.es\/web\/es\/contacto\/","title":{"rendered":"Contacto"},"content":{"rendered":"\n<p>Si quieres ponerte en contacto con el CP Irulegi de Mutilva, rellena el formulario que aparece a continuaci\u00f3n. Todos los campos son obligatorios.<\/p>\n\n\n<div role=\"form\" class=\"wpcf7\" id=\"wpcf7-f15-o1\" lang=\"es-ES\" dir=\"ltr\">\n<div class=\"screen-reader-response\"><p role=\"status\" aria-live=\"polite\" aria-atomic=\"true\"><\/p> <ul><\/ul><\/div>\n<form action=\"\/web\/es\/wp-json\/wp\/v2\/pages\/2#wpcf7-f15-o1\" method=\"post\" class=\"wpcf7-form init\" novalidate=\"novalidate\" data-status=\"init\">\n<div style=\"display: none;\">\n<input type=\"hidden\" name=\"_wpcf7\" value=\"15\" \/>\n<input type=\"hidden\" name=\"_wpcf7_version\" value=\"5.6.4\" \/>\n<input type=\"hidden\" name=\"_wpcf7_locale\" value=\"es_ES\" \/>\n<input type=\"hidden\" name=\"_wpcf7_unit_tag\" value=\"wpcf7-f15-o1\" \/>\n<input type=\"hidden\" name=\"_wpcf7_container_post\" value=\"0\" \/>\n<input type=\"hidden\" name=\"_wpcf7_posted_data_hash\" value=\"\" \/>\n<\/div>\n<p><label> Nombre y apellidos<br \/>\n    <span class=\"wpcf7-form-control-wrap\" data-name=\"your-name\"><input type=\"text\" name=\"your-name\" value=\"\" size=\"40\" class=\"wpcf7-form-control wpcf7-text wpcf7-validates-as-required\" aria-required=\"true\" aria-invalid=\"false\" \/><\/span> <\/label><\/p>\n<p><label> Email<br \/>\n    <span class=\"wpcf7-form-control-wrap\" data-name=\"your-email\"><input type=\"email\" name=\"your-email\" value=\"\" size=\"40\" class=\"wpcf7-form-control wpcf7-text wpcf7-email wpcf7-validates-as-required wpcf7-validates-as-email\" aria-required=\"true\" aria-invalid=\"false\" \/><\/span> <\/label><\/p>\n<p><label> Asunto<br \/>\n    <span class=\"wpcf7-form-control-wrap\" data-name=\"your-subject\"><input type=\"text\" name=\"your-subject\" value=\"\" size=\"40\" class=\"wpcf7-form-control wpcf7-text wpcf7-validates-as-required\" aria-required=\"true\" aria-invalid=\"false\" \/><\/span> <\/label><\/p>\n<p><label> Mensaje<br \/>\n    <span class=\"wpcf7-form-control-wrap\" data-name=\"your-message\"><textarea name=\"your-message\" cols=\"40\" rows=\"10\" class=\"wpcf7-form-control wpcf7-textarea wpcf7-validates-as-required\" aria-required=\"true\" aria-invalid=\"false\"><\/textarea><\/span> <\/label><\/p>\n<p><label> Pregunta de verificaci\u00f3n antispam<br \/>\n    <span class=\"wpcf7-form-control-wrap\" data-name=\"quiz-477\"><label><span class=\"wpcf7-quiz-label\">\u00bfCu\u00e1nto suman 12+39?<\/span> <input type=\"text\" name=\"quiz-477\" size=\"40\" class=\"wpcf7-form-control wpcf7-quiz\" autocomplete=\"off\" aria-required=\"true\" aria-invalid=\"false\" \/><\/label><input type=\"hidden\" name=\"_wpcf7_quiz_answer_quiz-477\" value=\"cad5dce13230ac5933369cf85f74169b\" \/><\/span> <\/label><br \/>\n<input type=\"submit\" value=\"Enviar\" class=\"wpcf7-form-control has-spinner wpcf7-submit\" \/><\/p>\n<p style=\"display: none !important;\" class=\"akismet-fields-container\" data-prefix=\"_wpcf7_ak_\"><label>&#916;<textarea name=\"_wpcf7_ak_hp_textarea\" cols=\"45\" rows=\"8\" maxlength=\"100\"><\/textarea><\/label><input type=\"hidden\" id=\"ak_js_1\" name=\"_wpcf7_ak_js\" value=\"168\"\/><script>document.getElementById( \"ak_js_1\" ).setAttribute( \"value\", ( new Date() ).getTime() );<\/script><\/p><div class=\"wpcf7-response-output\" aria-hidden=\"true\"><\/div><\/form><\/div>\n\n\n\n<hr class=\"wp-block-separator\"\/>\n\n\n\n<p>Si deseas enviarnos una sugerencia, queja, reclamaci\u00f3n o agradecimiento puedes utilizar tabi\u00e9n este formulario y te contestaremos en el plazo de 15 d\u00edas.<\/p>\n\n\n\n<div class=\"wp-block-buttons is-layout-flex wp-block-buttons-is-layout-flex\">\n<div class=\"wp-block-button\"><a class=\"wp-block-button__link\">Sugerencias, quejas, reclamaciones y agradecimientos<\/a><\/div>\n<\/div>\n","protected":false},"excerpt":{"rendered":"<p>Si quieres ponerte en contacto con el CP Irulegi de Mutilva, rellena el formulario que aparece a continuaci\u00f3n. Todos los campos son obligatorios. Si deseas enviarnos una sugerencia, queja, reclamaci\u00f3n o agradecimiento puedes utilizar tabi\u00e9n este formulario y te contestaremos en el plazo de 15 d\u00edas.<\/p>\n","protected":false},"author":1,"featured_media":3818,"parent":0,"menu_order":0,"comment_status":"closed","ping_status":"closed","template":"","meta":{"_genesis_hide_title":false,"_genesis_hide_breadcrumbs":false,"_genesis_hide_singular_image":false,"_genesis_hide_footer_widgets":false,"_genesis_custom_body_class":"","_genesis_custom_post_class":"","_genesis_layout":"","footnotes":""},"_links":{"self":[{"href":"https:\/\/cpirulegi.educacion.navarra.es\/web\/es\/wp-json\/wp\/v2\/pages\/2"}],"collection":[{"href":"https:\/\/cpirulegi.educacion.navarra.es\/web\/es\/wp-json\/wp\/v2\/pages"}],"about":[{"href":"https:\/\/cpirulegi.educacion.navarra.es\/web\/es\/wp-json\/wp\/v2\/types\/page"}],"author":[{"embeddable":true,"href":"https:\/\/cpirulegi.educacion.navarra.es\/web\/es\/wp-json\/wp\/v2\/users\/1"}],"replies":[{"embeddable":true,"href":"https:\/\/cpirulegi.educacion.navarra.es\/web\/es\/wp-json\/wp\/v2\/comments?post=2"}],"version-history":[{"count":4,"href":"https:\/\/cpirulegi.educacion.navarra.es\/web\/es\/wp-json\/wp\/v2\/pages\/2\/revisions"}],"predecessor-version":[{"id":3816,"href":"https:\/\/cpirulegi.educacion.navarra.es\/web\/es\/wp-json\/wp\/v2\/pages\/2\/revisions\/3816"}],"wp:featuredmedia":[{"embeddable":true,"href":"https:\/\/cpirulegi.educacion.navarra.es\/web\/es\/wp-json\/wp\/v2\/media\/3818"}],"wp:attachment":[{"href":"https:\/\/cpirulegi.educacion.navarra.es\/web\/es\/wp-json\/wp\/v2\/media?parent=2"}],"curies":[{"name":"wp","href":"https:\/\/api.w.org\/{rel}","templated":true}]}}